{"id":6807,"date":"2026-02-22T22:59:20","date_gmt":"2026-02-23T04:59:20","guid":{"rendered":"https:\/\/www.liveclean.ca\/lignes-directrices-iso\/"},"modified":"2026-03-10T04:52:06","modified_gmt":"2026-03-10T09:52:06","slug":"lignes-directrices-iso","status":"publish","type":"page","link":"https:\/\/www.liveclean.ca\/fr\/lignes-directrices-iso\/","title":{"rendered":"Lignes directrices ISO"},"content":{"rendered":"\t\t<div data-elementor-type=\"wp-page\" data-elementor-id=\"6807\" class=\"elementor elementor-6807 elementor-6534\" data-elementor-post-type=\"page\">\n\t\t\t\t\t\t<section class=\"elementor-section elementor-top-section elementor-element elementor-element-e2298f6 elementor-section-full_width elementor-section-height-min-height elementor-section-height-default elementor-section-items-middle\" data-id=\"e2298f6\" data-element_type=\"section\" data-e-type=\"section\" data-settings=\"{&quot;background_background&quot;:&quot;classic&quot;}\">\n\t\t\t\t\t\t<div class=\"elementor-container elementor-column-gap-default\">\n\t\t\t\t\t<div class=\"elementor-column elementor-col-100 elementor-top-column elementor-element elementor-element-9fe57df\" data-id=\"9fe57df\" data-element_type=\"column\" data-e-type=\"column\">\n\t\t\t<div class=\"elementor-widget-wrap elementor-element-populated\">\n\t\t\t\t\t\t<div class=\"elementor-element elementor-element-cff5c16 elementor-absolute elementor-widget elementor-widget-heading\" data-id=\"cff5c16\" data-element_type=\"widget\" data-e-type=\"widget\" data-settings=\"{&quot;_position&quot;:&quot;absolute&quot;}\" data-widget_type=\"heading.default\">\n\t\t\t\t<div class=\"elementor-widget-container\">\n\t\t\t\t\t<h2 class=\"elementor-heading-title elementor-size-default\">D'ORIGINE NATURELLE<\/h2>\t\t\t\t<\/div>\n\t\t\t\t<\/div>\n\t\t\t\t<div class=\"elementor-element elementor-element-ce98b13 elementor-absolute elementor-widget elementor-widget-text-editor\" data-id=\"ce98b13\" data-element_type=\"widget\" data-e-type=\"widget\" data-settings=\"{&quot;_position&quot;:&quot;absolute&quot;}\" data-widget_type=\"text-editor.default\">\n\t\t\t\t<div class=\"elementor-widget-container\">\n\t\t\t\t\t\t\t\t\t<p>Comprendre l&rsquo;origine naturelle<\/p>\t\t\t\t\t\t\t\t<\/div>\n\t\t\t\t<\/div>\n\t\t\t\t\t<\/div>\n\t\t<\/div>\n\t\t\t\t\t<\/div>\n\t\t<\/section>\n\t\t\t\t<section class=\"elementor-section elementor-top-section elementor-element elementor-element-72e7e83 elementor-section-boxed elementor-section-height-default elementor-section-height-default\" data-id=\"72e7e83\" data-element_type=\"section\" data-e-type=\"section\">\n\t\t\t\t\t\t<div class=\"elementor-container elementor-column-gap-default\">\n\t\t\t\t\t<div class=\"elementor-column elementor-col-100 elementor-top-column elementor-element elementor-element-f9338c5\" data-id=\"f9338c5\" data-element_type=\"column\" data-e-type=\"column\">\n\t\t\t<div class=\"elementor-widget-wrap elementor-element-populated\">\n\t\t\t\t\t\t<div class=\"elementor-element elementor-element-46209d9 elementor-widget elementor-widget-text-editor\" data-id=\"46209d9\" data-element_type=\"widget\" data-e-type=\"widget\" data-widget_type=\"text-editor.default\">\n\t\t\t\t<div class=\"elementor-widget-container\">\n\t\t\t\t\t\t\t\t\tLorsque tu prends un produit de soin de la peau \u00e9tiquet\u00e9 \u00ab naturel \u00bb, qu&rsquo;est-ce que cela signifie vraiment ?\t\t\t\t\t\t\t\t<\/div>\n\t\t\t\t<\/div>\n\t\t\t\t<div class=\"elementor-element elementor-element-e092295 elementor-widget elementor-widget-text-editor\" data-id=\"e092295\" data-element_type=\"widget\" data-e-type=\"widget\" data-widget_type=\"text-editor.default\">\n\t\t\t\t<div class=\"elementor-widget-container\">\n\t\t\t\t\t\t\t\t\t<p class=\"has-avenir-regular-font-family has-medium-font-size\" style=\"font-style:normal;font-weight:700\">Sur l&rsquo;\u00e9tiquetage de nos produits Live Clean, tu trouveras d\u00e9sormais le pourcentage de contenu \u00ab d&rsquo;origine naturelle \u00bb d\u00e9clar\u00e9. Ce pourcentage est calcul\u00e9 en utilisant une m\u00e9thode et une norme de l&rsquo;Organisation internationale de normalisation (ISO). C&rsquo;est une ligne directrice qui aide les marques \u2014 et les consommateurs \u2014 \u00e0 mieux comprendre leurs produits cosm\u00e9tiques. Plut\u00f4t que de s&rsquo;appuyer sur des all\u00e9gations marketing vagues, la norme ISO 16128 utilise une m\u00e9thode structur\u00e9e pour mesurer l&rsquo;\u00ab origine naturelle \u00bb des ingr\u00e9dients.<\/p>\n\n\n\n<p class=\"has-avenir-regular-font-family has-medium-font-size\" style=\"font-style:normal;font-weight:700\"><br>Essentiellement, la norme ISO 16128 divise les ingr\u00e9dients en trois cat\u00e9gories : <strong>naturels, d\u00e9riv\u00e9s naturels et synth\u00e9tiques<\/strong>. Un ingr\u00e9dient naturel est quelque chose qui provient directement de plantes, de min\u00e9raux ou de micro-organismes, transform\u00e9 uniquement par des moyens physiques ou biologiques \u2014 pense aux huiles press\u00e9es \u00e0 froid ou \u00e0 l&rsquo;eau distill\u00e9e. Les ingr\u00e9dients d\u00e9riv\u00e9s naturels proviennent de la nature mais subissent une transformation chimique, comme le coco-glucoside, qui commence comme de l&rsquo;huile de coco mais est modifi\u00e9 pour de meilleures performances. Les ingr\u00e9dients synth\u00e9tiques, quant \u00e0 eux, sont enti\u00e8rement fabriqu\u00e9s en laboratoire, comme certains conservateurs.<\/p>\n\n\n\n<p class=\"has-avenir-regular-font-family has-medium-font-size\" style=\"font-style:normal;font-weight:700\"><br>Pour rendre cela pratique, la norme ISO 16128 introduit l&rsquo;<strong>indice d&rsquo;origine naturelle (ION)<\/strong> \u2014 un nombre entre 0 et 1 qui repr\u00e9sente \u00e0 quel point un ingr\u00e9dient est \u00ab naturel \u00bb. Un ingr\u00e9dient enti\u00e8rement naturel obtient un score de 1,0, un ingr\u00e9dient synth\u00e9tique obtient 0, et tout ce qui se trouve entre les deux refl\u00e8te une origine naturelle partielle. Cet indice te permet de calculer le contenu naturel global d&rsquo;un produit de mani\u00e8re transparente et math\u00e9matique.<\/p>\n\n\n\n<p class=\"has-avenir-regular-font-family has-medium-font-size\" style=\"font-style:normal;font-weight:700\"><br>Voici comment cela fonctionne en th\u00e9orie : imagine un nettoyant pour le visage avec 50 grammes d&rsquo;huile de jojoba (ION = 1,0), 25 grammes de coco-glucoside (ION = 0,8), 23 grammes d&rsquo;eau (ION = 1,0) et 2 grammes de conservateur synth\u00e9tique (ION = 0).<br>Multiplie le poids de chaque ingr\u00e9dient par son ION, additionne-les et divise par le poids total. Dans cet exemple, le r\u00e9sultat est de 93 %. Cela signifie que 93 % du produit provient d&rsquo;une origine naturelle \u2014 un chiffre honn\u00eate auquel tu peux te fier.<\/p>\n\n\n\n<p class=\"has-avenir-regular-font-family has-medium-font-size\" style=\"font-style:normal;font-weight:700\"><br>Pour les consommateurs, c&rsquo;est important car cela \u00e9limine le bruit. La norme ISO 16128 ne dit pas simplement \u00ab naturel \u00bb ; elle te montre \u00e0 quel point c&rsquo;est naturel de mani\u00e8re mesurable. Elle te permet de faire des choix \u00e9clair\u00e9s, que tu recherches des produits qui correspondent \u00e0 tes valeurs ou que tu veuilles simplement de la transparence sur ce que tu appliques sur ta peau.<\/p>\n\n\n\n<p class=\"has-avenir-regular-font-family has-medium-font-size\" style=\"font-style:normal;font-weight:700\"><br>En bref, la norme ISO 16128 apporte science et honn\u00eatet\u00e9 \u00e0 la beaut\u00e9. Elle transforme \u00ab naturel \u00bb d&rsquo;un mot \u00e0 la mode marketing en un pourcentage clair et calcul\u00e9. Pour quiconque se soucie de ce qu&rsquo;il y a dans ses cosm\u00e9tiques, c&rsquo;est un pas vers une v\u00e9ritable transparence<\/p>\n      <\/div>\n    <\/div>\n  <\/div>\n<\/section>\t\t\t\t\t\t\t\t<\/div>\n\t\t\t\t<\/div>\n\t\t\t\t\t<\/div>\n\t\t<\/div>\n\t\t\t\t\t<\/div>\n\t\t<\/section>\n\t\t\t\t<section class=\"elementor-section elementor-top-section elementor-element elementor-element-cec55ad elementor-section-boxed elementor-section-height-default elementor-section-height-default\" data-id=\"cec55ad\" data-element_type=\"section\" data-e-type=\"section\">\n\t\t\t\t\t\t<div class=\"elementor-container elementor-column-gap-default\">\n\t\t\t\t\t<div class=\"elementor-column elementor-col-100 elementor-top-column elementor-element elementor-element-29ab0c8\" data-id=\"29ab0c8\" data-element_type=\"column\" data-e-type=\"column\">\n\t\t\t<div class=\"elementor-widget-wrap elementor-element-populated\">\n\t\t\t\t\t\t<div class=\"elementor-element elementor-element-cf2289f elementor-widget elementor-widget-spacer\" data-id=\"cf2289f\" data-element_type=\"widget\" data-e-type=\"widget\" data-widget_type=\"spacer.default\">\n\t\t\t\t<div class=\"elementor-widget-container\">\n\t\t\t\t\t\t\t<div class=\"elementor-spacer\">\n\t\t\t<div class=\"elementor-spacer-inner\"><\/div>\n\t\t<\/div>\n\t\t\t\t\t\t<\/div>\n\t\t\t\t<\/div>\n\t\t\t\t\t<\/div>\n\t\t<\/div>\n\t\t\t\t\t<\/div>\n\t\t<\/section>\n\t\t\t\t<\/div>\n\t\t","protected":false},"excerpt":{"rendered":"<p>D&rsquo;ORIGINE NATURELLE Comprendre l&rsquo;origine naturelle Lorsque tu prends un produit de soin de la peau \u00e9tiquet\u00e9 \u00ab naturel \u00bb, qu&rsquo;est-ce que cela signifie vraiment ? Sur l&rsquo;\u00e9tiquetage de nos produits Live Clean, tu trouveras d\u00e9sormais le pourcentage de contenu \u00ab d&rsquo;origine naturelle \u00bb d\u00e9clar\u00e9. Ce pourcentage est calcul\u00e9 en utilisant une m\u00e9thode et une norme [&hellip;]<\/p>\n","protected":false},"author":38,"featured_media":0,"parent":0,"menu_order":0,"comment_status":"closed","ping_status":"closed","template":"","meta":{"_acf_changed":false,"inline_featured_image":false,"footnotes":""},"class_list":["post-6807","page","type-page","status-publish","hentry"],"acf":[],"yoast_head":"<!-- This site is optimized with the Yoast SEO plugin v27.5 - https:\/\/yoast.com\/product\/yoast-seo-wordpress\/ -->\n<title>Lignes directrices ISO - Live Clean<\/title>\n<meta name=\"robots\" content=\"index, follow, max-snippet:-1, max-image-preview:large, max-video-preview:-1\" \/>\n<link rel=\"canonical\" href=\"https:\/\/www.liveclean.ca\/fr\/lignes-directrices-iso\/\" \/>\n<meta property=\"og:locale\" content=\"fr_FR\" \/>\n<meta property=\"og:type\" content=\"article\" \/>\n<meta property=\"og:title\" content=\"Lignes directrices ISO - Live Clean\" \/>\n<meta property=\"og:description\" content=\"D&rsquo;ORIGINE NATURELLE Comprendre l&rsquo;origine naturelle Lorsque tu prends un produit de soin de la peau \u00e9tiquet\u00e9 \u00ab naturel \u00bb, qu&rsquo;est-ce que cela signifie vraiment ? Sur l&rsquo;\u00e9tiquetage de nos produits Live Clean, tu trouveras d\u00e9sormais le pourcentage de contenu \u00ab d&rsquo;origine naturelle \u00bb d\u00e9clar\u00e9. Ce pourcentage est calcul\u00e9 en utilisant une m\u00e9thode et une norme [&hellip;]\" \/>\n<meta property=\"og:url\" content=\"https:\/\/www.liveclean.ca\/fr\/lignes-directrices-iso\/\" \/>\n<meta property=\"og:site_name\" content=\"Live Clean\" \/>\n<meta property=\"article:modified_time\" content=\"2026-03-10T09:52:06+00:00\" \/>\n<meta name=\"twitter:card\" content=\"summary_large_image\" \/>\n<meta name=\"twitter:label1\" content=\"Dur\u00e9e de lecture estim\u00e9e\" \/>\n\t<meta name=\"twitter:data1\" content=\"2 minutes\" \/>\n<script type=\"application\/ld+json\" class=\"yoast-schema-graph\">{\"@context\":\"https:\\\/\\\/schema.org\",\"@graph\":[{\"@type\":\"WebPage\",\"@id\":\"https:\\\/\\\/www.liveclean.ca\\\/fr\\\/lignes-directrices-iso\\\/\",\"url\":\"https:\\\/\\\/www.liveclean.ca\\\/fr\\\/lignes-directrices-iso\\\/\",\"name\":\"Lignes directrices ISO - Live Clean\",\"isPartOf\":{\"@id\":\"https:\\\/\\\/www.liveclean.ca\\\/fr\\\/#website\"},\"datePublished\":\"2026-02-23T04:59:20+00:00\",\"dateModified\":\"2026-03-10T09:52:06+00:00\",\"breadcrumb\":{\"@id\":\"https:\\\/\\\/www.liveclean.ca\\\/fr\\\/lignes-directrices-iso\\\/#breadcrumb\"},\"inLanguage\":\"fr-FR\",\"potentialAction\":[{\"@type\":\"ReadAction\",\"target\":[\"https:\\\/\\\/www.liveclean.ca\\\/fr\\\/lignes-directrices-iso\\\/\"]}]},{\"@type\":\"BreadcrumbList\",\"@id\":\"https:\\\/\\\/www.liveclean.ca\\\/fr\\\/lignes-directrices-iso\\\/#breadcrumb\",\"itemListElement\":[{\"@type\":\"ListItem\",\"position\":1,\"name\":\"Home\",\"item\":\"https:\\\/\\\/www.liveclean.ca\\\/fr\\\/accueil\\\/\"},{\"@type\":\"ListItem\",\"position\":2,\"name\":\"Lignes directrices ISO\"}]},{\"@type\":\"WebSite\",\"@id\":\"https:\\\/\\\/www.liveclean.ca\\\/fr\\\/#website\",\"url\":\"https:\\\/\\\/www.liveclean.ca\\\/fr\\\/\",\"name\":\"Live Clean\",\"description\":\"Live Kind, Live Beautiful, Live Clean\",\"publisher\":{\"@id\":\"https:\\\/\\\/www.liveclean.ca\\\/fr\\\/#organization\"},\"potentialAction\":[{\"@type\":\"SearchAction\",\"target\":{\"@type\":\"EntryPoint\",\"urlTemplate\":\"https:\\\/\\\/www.liveclean.ca\\\/fr\\\/?s={search_term_string}\"},\"query-input\":{\"@type\":\"PropertyValueSpecification\",\"valueRequired\":true,\"valueName\":\"search_term_string\"}}],\"inLanguage\":\"fr-FR\"},{\"@type\":\"Organization\",\"@id\":\"https:\\\/\\\/www.liveclean.ca\\\/fr\\\/#organization\",\"name\":\"Live Clean\",\"url\":\"https:\\\/\\\/www.liveclean.ca\\\/fr\\\/\",\"logo\":{\"@type\":\"ImageObject\",\"inLanguage\":\"fr-FR\",\"@id\":\"https:\\\/\\\/www.liveclean.ca\\\/fr\\\/#\\\/schema\\\/logo\\\/image\\\/\",\"url\":\"https:\\\/\\\/www.liveclean.ca\\\/wp-content\\\/uploads\\\/2020\\\/12\\\/logo-live-clean@2x.png\",\"contentUrl\":\"https:\\\/\\\/www.liveclean.ca\\\/wp-content\\\/uploads\\\/2020\\\/12\\\/logo-live-clean@2x.png\",\"width\":107,\"height\":69,\"caption\":\"Live Clean\"},\"image\":{\"@id\":\"https:\\\/\\\/www.liveclean.ca\\\/fr\\\/#\\\/schema\\\/logo\\\/image\\\/\"}}]}<\/script>\n<!-- \/ Yoast SEO plugin. -->","yoast_head_json":{"title":"Lignes directrices ISO - Live Clean","robots":{"index":"index","follow":"follow","max-snippet":"max-snippet:-1","max-image-preview":"max-image-preview:large","max-video-preview":"max-video-preview:-1"},"canonical":"https:\/\/www.liveclean.ca\/fr\/lignes-directrices-iso\/","og_locale":"fr_FR","og_type":"article","og_title":"Lignes directrices ISO - Live Clean","og_description":"D&rsquo;ORIGINE NATURELLE Comprendre l&rsquo;origine naturelle Lorsque tu prends un produit de soin de la peau \u00e9tiquet\u00e9 \u00ab naturel \u00bb, qu&rsquo;est-ce que cela signifie vraiment ? Sur l&rsquo;\u00e9tiquetage de nos produits Live Clean, tu trouveras d\u00e9sormais le pourcentage de contenu \u00ab d&rsquo;origine naturelle \u00bb d\u00e9clar\u00e9. Ce pourcentage est calcul\u00e9 en utilisant une m\u00e9thode et une norme [&hellip;]","og_url":"https:\/\/www.liveclean.ca\/fr\/lignes-directrices-iso\/","og_site_name":"Live Clean","article_modified_time":"2026-03-10T09:52:06+00:00","twitter_card":"summary_large_image","twitter_misc":{"Dur\u00e9e de lecture estim\u00e9e":"2 minutes"},"schema":{"@context":"https:\/\/schema.org","@graph":[{"@type":"WebPage","@id":"https:\/\/www.liveclean.ca\/fr\/lignes-directrices-iso\/","url":"https:\/\/www.liveclean.ca\/fr\/lignes-directrices-iso\/","name":"Lignes directrices ISO - Live Clean","isPartOf":{"@id":"https:\/\/www.liveclean.ca\/fr\/#website"},"datePublished":"2026-02-23T04:59:20+00:00","dateModified":"2026-03-10T09:52:06+00:00","breadcrumb":{"@id":"https:\/\/www.liveclean.ca\/fr\/lignes-directrices-iso\/#breadcrumb"},"inLanguage":"fr-FR","potentialAction":[{"@type":"ReadAction","target":["https:\/\/www.liveclean.ca\/fr\/lignes-directrices-iso\/"]}]},{"@type":"BreadcrumbList","@id":"https:\/\/www.liveclean.ca\/fr\/lignes-directrices-iso\/#breadcrumb","itemListElement":[{"@type":"ListItem","position":1,"name":"Home","item":"https:\/\/www.liveclean.ca\/fr\/accueil\/"},{"@type":"ListItem","position":2,"name":"Lignes directrices ISO"}]},{"@type":"WebSite","@id":"https:\/\/www.liveclean.ca\/fr\/#website","url":"https:\/\/www.liveclean.ca\/fr\/","name":"Live Clean","description":"Live Kind, Live Beautiful, Live Clean","publisher":{"@id":"https:\/\/www.liveclean.ca\/fr\/#organization"},"potentialAction":[{"@type":"SearchAction","target":{"@type":"EntryPoint","urlTemplate":"https:\/\/www.liveclean.ca\/fr\/?s={search_term_string}"},"query-input":{"@type":"PropertyValueSpecification","valueRequired":true,"valueName":"search_term_string"}}],"inLanguage":"fr-FR"},{"@type":"Organization","@id":"https:\/\/www.liveclean.ca\/fr\/#organization","name":"Live Clean","url":"https:\/\/www.liveclean.ca\/fr\/","logo":{"@type":"ImageObject","inLanguage":"fr-FR","@id":"https:\/\/www.liveclean.ca\/fr\/#\/schema\/logo\/image\/","url":"https:\/\/www.liveclean.ca\/wp-content\/uploads\/2020\/12\/logo-live-clean@2x.png","contentUrl":"https:\/\/www.liveclean.ca\/wp-content\/uploads\/2020\/12\/logo-live-clean@2x.png","width":107,"height":69,"caption":"Live Clean"},"image":{"@id":"https:\/\/www.liveclean.ca\/fr\/#\/schema\/logo\/image\/"}}]}},"_links":{"self":[{"href":"https:\/\/www.liveclean.ca\/fr\/wp-json\/wp\/v2\/pages\/6807","targetHints":{"allow":["GET"]}}],"collection":[{"href":"https:\/\/www.liveclean.ca\/fr\/wp-json\/wp\/v2\/pages"}],"about":[{"href":"https:\/\/www.liveclean.ca\/fr\/wp-json\/wp\/v2\/types\/page"}],"author":[{"embeddable":true,"href":"https:\/\/www.liveclean.ca\/fr\/wp-json\/wp\/v2\/users\/38"}],"replies":[{"embeddable":true,"href":"https:\/\/www.liveclean.ca\/fr\/wp-json\/wp\/v2\/comments?post=6807"}],"version-history":[{"count":0,"href":"https:\/\/www.liveclean.ca\/fr\/wp-json\/wp\/v2\/pages\/6807\/revisions"}],"wp:attachment":[{"href":"https:\/\/www.liveclean.ca\/fr\/wp-json\/wp\/v2\/media?parent=6807"}],"curies":[{"name":"wp","href":"https:\/\/api.w.org\/{rel}","templated":true}]}}