{"id":6858,"date":"2026-03-05T04:27:38","date_gmt":"2026-03-05T10:27:38","guid":{"rendered":"https:\/\/www.liveclean.ca\/product\/revitalisant-clarifiant-au-vinaigre-de-cidre-de-pomme-live-clean\/"},"modified":"2026-04-28T07:51:27","modified_gmt":"2026-04-28T12:51:27","slug":"revitalisant-clarifiant-au-vinaigre-de-cidre-de-pomme-live-clean","status":"publish","type":"product","link":"https:\/\/www.liveclean.ca\/fr\/produit\/revitalisant-clarifiant-au-vinaigre-de-cidre-de-pomme-live-clean\/","title":{"rendered":"Revitalisant clarifiant au vinaigre de cidre de pomme Live Clean<sup>\u00ae<\/sup>"},"content":{"rendered":"","protected":false},"excerpt":{"rendered":"<p>Rafra\u00eechis tes m\u00e8ches<\/p>\n<ul>\n<li>Formul\u00e9 avec du vinaigre de cidre de pomme, de l\u2019acide glycolique et de l\u2019extrait de pomme<\/li>\n<li>Aide \u00e0 \u00e9liminer les r\u00e9sidus ternes et l\u2019accumulation sans d\u00e9caper les cheveux<\/li>\n<li>Aide \u00e0 restaurer l\u2019hydratation et la brillance<\/li>\n<\/ul>\n","protected":false},"featured_media":7069,"template":"","meta":{"_acf_changed":false,"inline_featured_image":false},"product_brand":[],"product_cat":[488],"product_tag":[],"class_list":{"0":"post-6858","1":"product","2":"type-product","3":"status-publish","4":"has-post-thumbnail","6":"product_cat-cheveux","8":"first","9":"instock","10":"shipping-taxable","11":"purchasable","12":"product-type-variable","13":"has-default-attributes"},"acf":[],"yoast_head":"<!-- This site is optimized with the Yoast SEO plugin v27.5 - https:\/\/yoast.com\/product\/yoast-seo-wordpress\/ -->\n<title>Revitalisant clarifiant au vinaigre de cidre de pomme Live Clean\u00ae - Live Clean<\/title>\n<meta name=\"robots\" content=\"index, follow, max-snippet:-1, max-image-preview:large, max-video-preview:-1\" \/>\n<link rel=\"canonical\" href=\"https:\/\/www.liveclean.ca\/fr\/produit\/revitalisant-clarifiant-au-vinaigre-de-cidre-de-pomme-live-clean\/\" \/>\n<meta property=\"og:locale\" content=\"fr_FR\" \/>\n<meta property=\"og:type\" content=\"article\" \/>\n<meta property=\"og:title\" content=\"Revitalisant clarifiant au vinaigre de cidre de pomme Live Clean\u00ae - Live Clean\" \/>\n<meta property=\"og:description\" content=\"Rafra\u00eechis tes m\u00e8ches  Formul\u00e9 avec du vinaigre de cidre de pomme, de l\u2019acide glycolique et de l\u2019extrait de pomme  Aide \u00e0 \u00e9liminer les r\u00e9sidus ternes et l\u2019accumulation sans d\u00e9caper les cheveux  Aide \u00e0 restaurer l\u2019hydratation et la brillance\" \/>\n<meta property=\"og:url\" content=\"https:\/\/www.liveclean.ca\/fr\/produit\/revitalisant-clarifiant-au-vinaigre-de-cidre-de-pomme-live-clean\/\" \/>\n<meta property=\"og:site_name\" content=\"Live Clean\" \/>\n<meta property=\"article:modified_time\" content=\"2026-04-28T12:51:27+00:00\" \/>\n<meta property=\"og:image\" content=\"https:\/\/www.liveclean.ca\/wp-content\/uploads\/2026\/03\/11LCN0861_AppleCider_Conditioner_350mL_PX020029_V7_Front.png\" \/>\n\t<meta property=\"og:image:width\" content=\"1000\" \/>\n\t<meta property=\"og:image:height\" content=\"1000\" \/>\n\t<meta property=\"og:image:type\" content=\"image\/png\" \/>\n<meta name=\"twitter:card\" content=\"summary_large_image\" \/>\n<script type=\"application\/ld+json\" class=\"yoast-schema-graph\">{\"@context\":\"https:\\\/\\\/schema.org\",\"@graph\":[{\"@type\":\"WebPage\",\"@id\":\"https:\\\/\\\/www.liveclean.ca\\\/fr\\\/produit\\\/revitalisant-clarifiant-au-vinaigre-de-cidre-de-pomme-live-clean\\\/\",\"url\":\"https:\\\/\\\/www.liveclean.ca\\\/fr\\\/produit\\\/revitalisant-clarifiant-au-vinaigre-de-cidre-de-pomme-live-clean\\\/\",\"name\":\"Revitalisant clarifiant au vinaigre de cidre de pomme Live Clean\u00ae - Live Clean\",\"isPartOf\":{\"@id\":\"https:\\\/\\\/www.liveclean.ca\\\/fr\\\/#website\"},\"primaryImageOfPage\":{\"@id\":\"https:\\\/\\\/www.liveclean.ca\\\/fr\\\/produit\\\/revitalisant-clarifiant-au-vinaigre-de-cidre-de-pomme-live-clean\\\/#primaryimage\"},\"image\":{\"@id\":\"https:\\\/\\\/www.liveclean.ca\\\/fr\\\/produit\\\/revitalisant-clarifiant-au-vinaigre-de-cidre-de-pomme-live-clean\\\/#primaryimage\"},\"thumbnailUrl\":\"https:\\\/\\\/www.liveclean.ca\\\/wp-content\\\/uploads\\\/2026\\\/03\\\/11LCN0861_AppleCider_Conditioner_350mL_PX020029_V7_Front.png\",\"datePublished\":\"2026-03-05T10:27:38+00:00\",\"dateModified\":\"2026-04-28T12:51:27+00:00\",\"breadcrumb\":{\"@id\":\"https:\\\/\\\/www.liveclean.ca\\\/fr\\\/produit\\\/revitalisant-clarifiant-au-vinaigre-de-cidre-de-pomme-live-clean\\\/#breadcrumb\"},\"inLanguage\":\"fr-FR\",\"potentialAction\":[{\"@type\":\"ReadAction\",\"target\":[\"https:\\\/\\\/www.liveclean.ca\\\/fr\\\/produit\\\/revitalisant-clarifiant-au-vinaigre-de-cidre-de-pomme-live-clean\\\/\"]}]},{\"@type\":\"ImageObject\",\"inLanguage\":\"fr-FR\",\"@id\":\"https:\\\/\\\/www.liveclean.ca\\\/fr\\\/produit\\\/revitalisant-clarifiant-au-vinaigre-de-cidre-de-pomme-live-clean\\\/#primaryimage\",\"url\":\"https:\\\/\\\/www.liveclean.ca\\\/wp-content\\\/uploads\\\/2026\\\/03\\\/11LCN0861_AppleCider_Conditioner_350mL_PX020029_V7_Front.png\",\"contentUrl\":\"https:\\\/\\\/www.liveclean.ca\\\/wp-content\\\/uploads\\\/2026\\\/03\\\/11LCN0861_AppleCider_Conditioner_350mL_PX020029_V7_Front.png\",\"width\":1000,\"height\":1000},{\"@type\":\"BreadcrumbList\",\"@id\":\"https:\\\/\\\/www.liveclean.ca\\\/fr\\\/produit\\\/revitalisant-clarifiant-au-vinaigre-de-cidre-de-pomme-live-clean\\\/#breadcrumb\",\"itemListElement\":[{\"@type\":\"ListItem\",\"position\":1,\"name\":\"Home\",\"item\":\"https:\\\/\\\/www.liveclean.ca\\\/fr\\\/accueil\\\/\"},{\"@type\":\"ListItem\",\"position\":2,\"name\":\"Boutique\",\"item\":\"https:\\\/\\\/www.liveclean.ca\\\/fr\\\/boutique\\\/\"},{\"@type\":\"ListItem\",\"position\":3,\"name\":\"Revitalisant clarifiant au vinaigre de cidre de pomme Live Clean\u00ae\"}]},{\"@type\":\"WebSite\",\"@id\":\"https:\\\/\\\/www.liveclean.ca\\\/fr\\\/#website\",\"url\":\"https:\\\/\\\/www.liveclean.ca\\\/fr\\\/\",\"name\":\"Live Clean\",\"description\":\"Live Kind, Live Beautiful, Live Clean\",\"publisher\":{\"@id\":\"https:\\\/\\\/www.liveclean.ca\\\/fr\\\/#organization\"},\"potentialAction\":[{\"@type\":\"SearchAction\",\"target\":{\"@type\":\"EntryPoint\",\"urlTemplate\":\"https:\\\/\\\/www.liveclean.ca\\\/fr\\\/?s={search_term_string}\"},\"query-input\":{\"@type\":\"PropertyValueSpecification\",\"valueRequired\":true,\"valueName\":\"search_term_string\"}}],\"inLanguage\":\"fr-FR\"},{\"@type\":\"Organization\",\"@id\":\"https:\\\/\\\/www.liveclean.ca\\\/fr\\\/#organization\",\"name\":\"Live Clean\",\"url\":\"https:\\\/\\\/www.liveclean.ca\\\/fr\\\/\",\"logo\":{\"@type\":\"ImageObject\",\"inLanguage\":\"fr-FR\",\"@id\":\"https:\\\/\\\/www.liveclean.ca\\\/fr\\\/#\\\/schema\\\/logo\\\/image\\\/\",\"url\":\"https:\\\/\\\/www.liveclean.ca\\\/wp-content\\\/uploads\\\/2020\\\/12\\\/logo-live-clean@2x.png\",\"contentUrl\":\"https:\\\/\\\/www.liveclean.ca\\\/wp-content\\\/uploads\\\/2020\\\/12\\\/logo-live-clean@2x.png\",\"width\":107,\"height\":69,\"caption\":\"Live Clean\"},\"image\":{\"@id\":\"https:\\\/\\\/www.liveclean.ca\\\/fr\\\/#\\\/schema\\\/logo\\\/image\\\/\"}}]}<\/script>\n<!-- \/ Yoast SEO plugin. -->","yoast_head_json":{"title":"Revitalisant clarifiant au vinaigre de cidre de pomme Live Clean\u00ae - Live Clean","robots":{"index":"index","follow":"follow","max-snippet":"max-snippet:-1","max-image-preview":"max-image-preview:large","max-video-preview":"max-video-preview:-1"},"canonical":"https:\/\/www.liveclean.ca\/fr\/produit\/revitalisant-clarifiant-au-vinaigre-de-cidre-de-pomme-live-clean\/","og_locale":"fr_FR","og_type":"article","og_title":"Revitalisant clarifiant au vinaigre de cidre de pomme Live Clean\u00ae - Live Clean","og_description":"Rafra\u00eechis tes m\u00e8ches  Formul\u00e9 avec du vinaigre de cidre de pomme, de l\u2019acide glycolique et de l\u2019extrait de pomme  Aide \u00e0 \u00e9liminer les r\u00e9sidus ternes et l\u2019accumulation sans d\u00e9caper les cheveux  Aide \u00e0 restaurer l\u2019hydratation et la brillance","og_url":"https:\/\/www.liveclean.ca\/fr\/produit\/revitalisant-clarifiant-au-vinaigre-de-cidre-de-pomme-live-clean\/","og_site_name":"Live Clean","article_modified_time":"2026-04-28T12:51:27+00:00","og_image":[{"width":1000,"height":1000,"url":"https:\/\/www.liveclean.ca\/wp-content\/uploads\/2026\/03\/11LCN0861_AppleCider_Conditioner_350mL_PX020029_V7_Front.png","type":"image\/png"}],"twitter_card":"summary_large_image","schema":{"@context":"https:\/\/schema.org","@graph":[{"@type":"WebPage","@id":"https:\/\/www.liveclean.ca\/fr\/produit\/revitalisant-clarifiant-au-vinaigre-de-cidre-de-pomme-live-clean\/","url":"https:\/\/www.liveclean.ca\/fr\/produit\/revitalisant-clarifiant-au-vinaigre-de-cidre-de-pomme-live-clean\/","name":"Revitalisant clarifiant au vinaigre de cidre de pomme Live Clean\u00ae - Live Clean","isPartOf":{"@id":"https:\/\/www.liveclean.ca\/fr\/#website"},"primaryImageOfPage":{"@id":"https:\/\/www.liveclean.ca\/fr\/produit\/revitalisant-clarifiant-au-vinaigre-de-cidre-de-pomme-live-clean\/#primaryimage"},"image":{"@id":"https:\/\/www.liveclean.ca\/fr\/produit\/revitalisant-clarifiant-au-vinaigre-de-cidre-de-pomme-live-clean\/#primaryimage"},"thumbnailUrl":"https:\/\/www.liveclean.ca\/wp-content\/uploads\/2026\/03\/11LCN0861_AppleCider_Conditioner_350mL_PX020029_V7_Front.png","datePublished":"2026-03-05T10:27:38+00:00","dateModified":"2026-04-28T12:51:27+00:00","breadcrumb":{"@id":"https:\/\/www.liveclean.ca\/fr\/produit\/revitalisant-clarifiant-au-vinaigre-de-cidre-de-pomme-live-clean\/#breadcrumb"},"inLanguage":"fr-FR","potentialAction":[{"@type":"ReadAction","target":["https:\/\/www.liveclean.ca\/fr\/produit\/revitalisant-clarifiant-au-vinaigre-de-cidre-de-pomme-live-clean\/"]}]},{"@type":"ImageObject","inLanguage":"fr-FR","@id":"https:\/\/www.liveclean.ca\/fr\/produit\/revitalisant-clarifiant-au-vinaigre-de-cidre-de-pomme-live-clean\/#primaryimage","url":"https:\/\/www.liveclean.ca\/wp-content\/uploads\/2026\/03\/11LCN0861_AppleCider_Conditioner_350mL_PX020029_V7_Front.png","contentUrl":"https:\/\/www.liveclean.ca\/wp-content\/uploads\/2026\/03\/11LCN0861_AppleCider_Conditioner_350mL_PX020029_V7_Front.png","width":1000,"height":1000},{"@type":"BreadcrumbList","@id":"https:\/\/www.liveclean.ca\/fr\/produit\/revitalisant-clarifiant-au-vinaigre-de-cidre-de-pomme-live-clean\/#breadcrumb","itemListElement":[{"@type":"ListItem","position":1,"name":"Home","item":"https:\/\/www.liveclean.ca\/fr\/accueil\/"},{"@type":"ListItem","position":2,"name":"Boutique","item":"https:\/\/www.liveclean.ca\/fr\/boutique\/"},{"@type":"ListItem","position":3,"name":"Revitalisant clarifiant au vinaigre de cidre de pomme Live Clean\u00ae"}]},{"@type":"WebSite","@id":"https:\/\/www.liveclean.ca\/fr\/#website","url":"https:\/\/www.liveclean.ca\/fr\/","name":"Live Clean","description":"Live Kind, Live Beautiful, Live Clean","publisher":{"@id":"https:\/\/www.liveclean.ca\/fr\/#organization"},"potentialAction":[{"@type":"SearchAction","target":{"@type":"EntryPoint","urlTemplate":"https:\/\/www.liveclean.ca\/fr\/?s={search_term_string}"},"query-input":{"@type":"PropertyValueSpecification","valueRequired":true,"valueName":"search_term_string"}}],"inLanguage":"fr-FR"},{"@type":"Organization","@id":"https:\/\/www.liveclean.ca\/fr\/#organization","name":"Live Clean","url":"https:\/\/www.liveclean.ca\/fr\/","logo":{"@type":"ImageObject","inLanguage":"fr-FR","@id":"https:\/\/www.liveclean.ca\/fr\/#\/schema\/logo\/image\/","url":"https:\/\/www.liveclean.ca\/wp-content\/uploads\/2020\/12\/logo-live-clean@2x.png","contentUrl":"https:\/\/www.liveclean.ca\/wp-content\/uploads\/2020\/12\/logo-live-clean@2x.png","width":107,"height":69,"caption":"Live Clean"},"image":{"@id":"https:\/\/www.liveclean.ca\/fr\/#\/schema\/logo\/image\/"}}]}},"_links":{"self":[{"href":"https:\/\/www.liveclean.ca\/fr\/wp-json\/wp\/v2\/product\/6858","targetHints":{"allow":["GET"]}}],"collection":[{"href":"https:\/\/www.liveclean.ca\/fr\/wp-json\/wp\/v2\/product"}],"about":[{"href":"https:\/\/www.liveclean.ca\/fr\/wp-json\/wp\/v2\/types\/product"}],"wp:featuredmedia":[{"embeddable":true,"href":"https:\/\/www.liveclean.ca\/fr\/wp-json\/wp\/v2\/media\/7069"}],"wp:attachment":[{"href":"https:\/\/www.liveclean.ca\/fr\/wp-json\/wp\/v2\/media?parent=6858"}],"wp:term":[{"taxonomy":"product_brand","embeddable":true,"href":"https:\/\/www.liveclean.ca\/fr\/wp-json\/wp\/v2\/product_brand?post=6858"},{"taxonomy":"product_cat","embeddable":true,"href":"https:\/\/www.liveclean.ca\/fr\/wp-json\/wp\/v2\/product_cat?post=6858"},{"taxonomy":"product_tag","embeddable":true,"href":"https:\/\/www.liveclean.ca\/fr\/wp-json\/wp\/v2\/product_tag?post=6858"}],"curies":[{"name":"wp","href":"https:\/\/api.w.org\/{rel}","templated":true}]}}