{"id":6897,"date":"2026-03-05T03:43:37","date_gmt":"2026-03-05T09:43:37","guid":{"rendered":"https:\/\/www.liveclean.ca\/product\/savon-moussant-pour-les-mains-live-clean-a-la-vanille-et-a-la-noix-de-coco\/"},"modified":"2026-04-28T07:51:26","modified_gmt":"2026-04-28T12:51:26","slug":"savon-moussant-pour-les-mains-live-clean-a-la-vanille-et-a-la-noix-de-coco","status":"publish","type":"product","link":"https:\/\/www.liveclean.ca\/fr\/produit\/savon-moussant-pour-les-mains-live-clean-a-la-vanille-et-a-la-noix-de-coco\/","title":{"rendered":"Savon moussant pour les mains Live Clean<sup>\u00ae<\/sup> \u00e0 la vanille et \u00e0 la noix de coco"},"content":{"rendered":"","protected":false},"excerpt":{"rendered":"<p>Pour des mains heureuses et en pleine sant\u00e9<\/p>\n<p>\u2022 Nettoie et hydrate en douceur<br \/>\n\u2022 Laisse les mains propres et douces<br \/>\n\u2022 Parfum luxueux de vanille et de noix de coco<\/p>\n","protected":false},"featured_media":7081,"template":"","meta":{"_acf_changed":false,"inline_featured_image":false},"product_brand":[],"product_cat":[489],"product_tag":[],"class_list":{"0":"post-6897","1":"product","2":"type-product","3":"status-publish","4":"has-post-thumbnail","6":"product_cat-mains","8":"first","9":"instock","10":"shipping-taxable","11":"purchasable","12":"product-type-variable"},"acf":[],"yoast_head":"<!-- This site is optimized with the Yoast SEO plugin v27.5 - https:\/\/yoast.com\/product\/yoast-seo-wordpress\/ -->\n<title>Savon moussant pour les mains Live Clean\u00ae \u00e0 la vanille et \u00e0 la noix de coco - Live Clean<\/title>\n<meta name=\"robots\" content=\"index, follow, max-snippet:-1, max-image-preview:large, max-video-preview:-1\" \/>\n<link rel=\"canonical\" href=\"https:\/\/www.liveclean.ca\/fr\/produit\/savon-moussant-pour-les-mains-live-clean-a-la-vanille-et-a-la-noix-de-coco\/\" \/>\n<meta property=\"og:locale\" content=\"fr_FR\" \/>\n<meta property=\"og:type\" content=\"article\" \/>\n<meta property=\"og:title\" content=\"Savon moussant pour les mains Live Clean\u00ae \u00e0 la vanille et \u00e0 la noix de coco - Live Clean\" \/>\n<meta property=\"og:description\" content=\"Pour des mains heureuses et en pleine sant\u00e9 \u2022 Nettoie et hydrate en douceur \u2022 Laisse les mains propres et douces \u2022 Parfum luxueux de vanille et de noix de coco\" \/>\n<meta property=\"og:url\" content=\"https:\/\/www.liveclean.ca\/fr\/produit\/savon-moussant-pour-les-mains-live-clean-a-la-vanille-et-a-la-noix-de-coco\/\" \/>\n<meta property=\"og:site_name\" content=\"Live Clean\" \/>\n<meta property=\"article:modified_time\" content=\"2026-04-28T12:51:26+00:00\" \/>\n<meta property=\"og:image\" content=\"https:\/\/www.liveclean.ca\/wp-content\/uploads\/2026\/03\/11LCN1019_VanillaBeanCoconut_FoamingHS_PX019224_Front-1.png\" \/>\n\t<meta property=\"og:image:width\" content=\"1000\" \/>\n\t<meta property=\"og:image:height\" content=\"1000\" \/>\n\t<meta property=\"og:image:type\" content=\"image\/png\" \/>\n<meta name=\"twitter:card\" content=\"summary_large_image\" \/>\n<script type=\"application\/ld+json\" class=\"yoast-schema-graph\">{\"@context\":\"https:\\\/\\\/schema.org\",\"@graph\":[{\"@type\":\"WebPage\",\"@id\":\"https:\\\/\\\/www.liveclean.ca\\\/fr\\\/produit\\\/savon-moussant-pour-les-mains-live-clean-a-la-vanille-et-a-la-noix-de-coco\\\/\",\"url\":\"https:\\\/\\\/www.liveclean.ca\\\/fr\\\/produit\\\/savon-moussant-pour-les-mains-live-clean-a-la-vanille-et-a-la-noix-de-coco\\\/\",\"name\":\"Savon moussant pour les mains Live Clean\u00ae \u00e0 la vanille et \u00e0 la noix de coco - Live Clean\",\"isPartOf\":{\"@id\":\"https:\\\/\\\/www.liveclean.ca\\\/fr\\\/#website\"},\"primaryImageOfPage\":{\"@id\":\"https:\\\/\\\/www.liveclean.ca\\\/fr\\\/produit\\\/savon-moussant-pour-les-mains-live-clean-a-la-vanille-et-a-la-noix-de-coco\\\/#primaryimage\"},\"image\":{\"@id\":\"https:\\\/\\\/www.liveclean.ca\\\/fr\\\/produit\\\/savon-moussant-pour-les-mains-live-clean-a-la-vanille-et-a-la-noix-de-coco\\\/#primaryimage\"},\"thumbnailUrl\":\"https:\\\/\\\/www.liveclean.ca\\\/wp-content\\\/uploads\\\/2026\\\/03\\\/11LCN1019_VanillaBeanCoconut_FoamingHS_PX019224_Front-1.png\",\"datePublished\":\"2026-03-05T09:43:37+00:00\",\"dateModified\":\"2026-04-28T12:51:26+00:00\",\"breadcrumb\":{\"@id\":\"https:\\\/\\\/www.liveclean.ca\\\/fr\\\/produit\\\/savon-moussant-pour-les-mains-live-clean-a-la-vanille-et-a-la-noix-de-coco\\\/#breadcrumb\"},\"inLanguage\":\"fr-FR\",\"potentialAction\":[{\"@type\":\"ReadAction\",\"target\":[\"https:\\\/\\\/www.liveclean.ca\\\/fr\\\/produit\\\/savon-moussant-pour-les-mains-live-clean-a-la-vanille-et-a-la-noix-de-coco\\\/\"]}]},{\"@type\":\"ImageObject\",\"inLanguage\":\"fr-FR\",\"@id\":\"https:\\\/\\\/www.liveclean.ca\\\/fr\\\/produit\\\/savon-moussant-pour-les-mains-live-clean-a-la-vanille-et-a-la-noix-de-coco\\\/#primaryimage\",\"url\":\"https:\\\/\\\/www.liveclean.ca\\\/wp-content\\\/uploads\\\/2026\\\/03\\\/11LCN1019_VanillaBeanCoconut_FoamingHS_PX019224_Front-1.png\",\"contentUrl\":\"https:\\\/\\\/www.liveclean.ca\\\/wp-content\\\/uploads\\\/2026\\\/03\\\/11LCN1019_VanillaBeanCoconut_FoamingHS_PX019224_Front-1.png\",\"width\":1000,\"height\":1000},{\"@type\":\"BreadcrumbList\",\"@id\":\"https:\\\/\\\/www.liveclean.ca\\\/fr\\\/produit\\\/savon-moussant-pour-les-mains-live-clean-a-la-vanille-et-a-la-noix-de-coco\\\/#breadcrumb\",\"itemListElement\":[{\"@type\":\"ListItem\",\"position\":1,\"name\":\"Home\",\"item\":\"https:\\\/\\\/www.liveclean.ca\\\/fr\\\/accueil\\\/\"},{\"@type\":\"ListItem\",\"position\":2,\"name\":\"Boutique\",\"item\":\"https:\\\/\\\/www.liveclean.ca\\\/fr\\\/boutique\\\/\"},{\"@type\":\"ListItem\",\"position\":3,\"name\":\"Savon moussant pour les mains Live Clean\u00ae \u00e0 la vanille et \u00e0 la noix de coco\"}]},{\"@type\":\"WebSite\",\"@id\":\"https:\\\/\\\/www.liveclean.ca\\\/fr\\\/#website\",\"url\":\"https:\\\/\\\/www.liveclean.ca\\\/fr\\\/\",\"name\":\"Live Clean\",\"description\":\"Live Kind, Live Beautiful, Live Clean\",\"publisher\":{\"@id\":\"https:\\\/\\\/www.liveclean.ca\\\/fr\\\/#organization\"},\"potentialAction\":[{\"@type\":\"SearchAction\",\"target\":{\"@type\":\"EntryPoint\",\"urlTemplate\":\"https:\\\/\\\/www.liveclean.ca\\\/fr\\\/?s={search_term_string}\"},\"query-input\":{\"@type\":\"PropertyValueSpecification\",\"valueRequired\":true,\"valueName\":\"search_term_string\"}}],\"inLanguage\":\"fr-FR\"},{\"@type\":\"Organization\",\"@id\":\"https:\\\/\\\/www.liveclean.ca\\\/fr\\\/#organization\",\"name\":\"Live Clean\",\"url\":\"https:\\\/\\\/www.liveclean.ca\\\/fr\\\/\",\"logo\":{\"@type\":\"ImageObject\",\"inLanguage\":\"fr-FR\",\"@id\":\"https:\\\/\\\/www.liveclean.ca\\\/fr\\\/#\\\/schema\\\/logo\\\/image\\\/\",\"url\":\"https:\\\/\\\/www.liveclean.ca\\\/wp-content\\\/uploads\\\/2020\\\/12\\\/logo-live-clean@2x.png\",\"contentUrl\":\"https:\\\/\\\/www.liveclean.ca\\\/wp-content\\\/uploads\\\/2020\\\/12\\\/logo-live-clean@2x.png\",\"width\":107,\"height\":69,\"caption\":\"Live Clean\"},\"image\":{\"@id\":\"https:\\\/\\\/www.liveclean.ca\\\/fr\\\/#\\\/schema\\\/logo\\\/image\\\/\"}}]}<\/script>\n<!-- \/ Yoast SEO plugin. -->","yoast_head_json":{"title":"Savon moussant pour les mains Live Clean\u00ae \u00e0 la vanille et \u00e0 la noix de coco - Live Clean","robots":{"index":"index","follow":"follow","max-snippet":"max-snippet:-1","max-image-preview":"max-image-preview:large","max-video-preview":"max-video-preview:-1"},"canonical":"https:\/\/www.liveclean.ca\/fr\/produit\/savon-moussant-pour-les-mains-live-clean-a-la-vanille-et-a-la-noix-de-coco\/","og_locale":"fr_FR","og_type":"article","og_title":"Savon moussant pour les mains Live Clean\u00ae \u00e0 la vanille et \u00e0 la noix de coco - Live Clean","og_description":"Pour des mains heureuses et en pleine sant\u00e9 \u2022 Nettoie et hydrate en douceur \u2022 Laisse les mains propres et douces \u2022 Parfum luxueux de vanille et de noix de coco","og_url":"https:\/\/www.liveclean.ca\/fr\/produit\/savon-moussant-pour-les-mains-live-clean-a-la-vanille-et-a-la-noix-de-coco\/","og_site_name":"Live Clean","article_modified_time":"2026-04-28T12:51:26+00:00","og_image":[{"width":1000,"height":1000,"url":"https:\/\/www.liveclean.ca\/wp-content\/uploads\/2026\/03\/11LCN1019_VanillaBeanCoconut_FoamingHS_PX019224_Front-1.png","type":"image\/png"}],"twitter_card":"summary_large_image","schema":{"@context":"https:\/\/schema.org","@graph":[{"@type":"WebPage","@id":"https:\/\/www.liveclean.ca\/fr\/produit\/savon-moussant-pour-les-mains-live-clean-a-la-vanille-et-a-la-noix-de-coco\/","url":"https:\/\/www.liveclean.ca\/fr\/produit\/savon-moussant-pour-les-mains-live-clean-a-la-vanille-et-a-la-noix-de-coco\/","name":"Savon moussant pour les mains Live Clean\u00ae \u00e0 la vanille et \u00e0 la noix de coco - Live Clean","isPartOf":{"@id":"https:\/\/www.liveclean.ca\/fr\/#website"},"primaryImageOfPage":{"@id":"https:\/\/www.liveclean.ca\/fr\/produit\/savon-moussant-pour-les-mains-live-clean-a-la-vanille-et-a-la-noix-de-coco\/#primaryimage"},"image":{"@id":"https:\/\/www.liveclean.ca\/fr\/produit\/savon-moussant-pour-les-mains-live-clean-a-la-vanille-et-a-la-noix-de-coco\/#primaryimage"},"thumbnailUrl":"https:\/\/www.liveclean.ca\/wp-content\/uploads\/2026\/03\/11LCN1019_VanillaBeanCoconut_FoamingHS_PX019224_Front-1.png","datePublished":"2026-03-05T09:43:37+00:00","dateModified":"2026-04-28T12:51:26+00:00","breadcrumb":{"@id":"https:\/\/www.liveclean.ca\/fr\/produit\/savon-moussant-pour-les-mains-live-clean-a-la-vanille-et-a-la-noix-de-coco\/#breadcrumb"},"inLanguage":"fr-FR","potentialAction":[{"@type":"ReadAction","target":["https:\/\/www.liveclean.ca\/fr\/produit\/savon-moussant-pour-les-mains-live-clean-a-la-vanille-et-a-la-noix-de-coco\/"]}]},{"@type":"ImageObject","inLanguage":"fr-FR","@id":"https:\/\/www.liveclean.ca\/fr\/produit\/savon-moussant-pour-les-mains-live-clean-a-la-vanille-et-a-la-noix-de-coco\/#primaryimage","url":"https:\/\/www.liveclean.ca\/wp-content\/uploads\/2026\/03\/11LCN1019_VanillaBeanCoconut_FoamingHS_PX019224_Front-1.png","contentUrl":"https:\/\/www.liveclean.ca\/wp-content\/uploads\/2026\/03\/11LCN1019_VanillaBeanCoconut_FoamingHS_PX019224_Front-1.png","width":1000,"height":1000},{"@type":"BreadcrumbList","@id":"https:\/\/www.liveclean.ca\/fr\/produit\/savon-moussant-pour-les-mains-live-clean-a-la-vanille-et-a-la-noix-de-coco\/#breadcrumb","itemListElement":[{"@type":"ListItem","position":1,"name":"Home","item":"https:\/\/www.liveclean.ca\/fr\/accueil\/"},{"@type":"ListItem","position":2,"name":"Boutique","item":"https:\/\/www.liveclean.ca\/fr\/boutique\/"},{"@type":"ListItem","position":3,"name":"Savon moussant pour les mains Live Clean\u00ae \u00e0 la vanille et \u00e0 la noix de coco"}]},{"@type":"WebSite","@id":"https:\/\/www.liveclean.ca\/fr\/#website","url":"https:\/\/www.liveclean.ca\/fr\/","name":"Live Clean","description":"Live Kind, Live Beautiful, Live Clean","publisher":{"@id":"https:\/\/www.liveclean.ca\/fr\/#organization"},"potentialAction":[{"@type":"SearchAction","target":{"@type":"EntryPoint","urlTemplate":"https:\/\/www.liveclean.ca\/fr\/?s={search_term_string}"},"query-input":{"@type":"PropertyValueSpecification","valueRequired":true,"valueName":"search_term_string"}}],"inLanguage":"fr-FR"},{"@type":"Organization","@id":"https:\/\/www.liveclean.ca\/fr\/#organization","name":"Live Clean","url":"https:\/\/www.liveclean.ca\/fr\/","logo":{"@type":"ImageObject","inLanguage":"fr-FR","@id":"https:\/\/www.liveclean.ca\/fr\/#\/schema\/logo\/image\/","url":"https:\/\/www.liveclean.ca\/wp-content\/uploads\/2020\/12\/logo-live-clean@2x.png","contentUrl":"https:\/\/www.liveclean.ca\/wp-content\/uploads\/2020\/12\/logo-live-clean@2x.png","width":107,"height":69,"caption":"Live Clean"},"image":{"@id":"https:\/\/www.liveclean.ca\/fr\/#\/schema\/logo\/image\/"}}]}},"_links":{"self":[{"href":"https:\/\/www.liveclean.ca\/fr\/wp-json\/wp\/v2\/product\/6897","targetHints":{"allow":["GET"]}}],"collection":[{"href":"https:\/\/www.liveclean.ca\/fr\/wp-json\/wp\/v2\/product"}],"about":[{"href":"https:\/\/www.liveclean.ca\/fr\/wp-json\/wp\/v2\/types\/product"}],"wp:featuredmedia":[{"embeddable":true,"href":"https:\/\/www.liveclean.ca\/fr\/wp-json\/wp\/v2\/media\/7081"}],"wp:attachment":[{"href":"https:\/\/www.liveclean.ca\/fr\/wp-json\/wp\/v2\/media?parent=6897"}],"wp:term":[{"taxonomy":"product_brand","embeddable":true,"href":"https:\/\/www.liveclean.ca\/fr\/wp-json\/wp\/v2\/product_brand?post=6897"},{"taxonomy":"product_cat","embeddable":true,"href":"https:\/\/www.liveclean.ca\/fr\/wp-json\/wp\/v2\/product_cat?post=6897"},{"taxonomy":"product_tag","embeddable":true,"href":"https:\/\/www.liveclean.ca\/fr\/wp-json\/wp\/v2\/product_tag?post=6897"}],"curies":[{"name":"wp","href":"https:\/\/api.w.org\/{rel}","templated":true}]}}