{"id":6950,"date":"2026-03-03T06:37:50","date_gmt":"2026-03-03T12:37:50","guid":{"rendered":"https:\/\/www.liveclean.ca\/product\/vaporisateur-ecran-solaire-mineral-sport-live-clean-fps-30\/"},"modified":"2026-04-28T07:53:53","modified_gmt":"2026-04-28T12:53:53","slug":"vaporisateur-ecran-solaire-mineral-sport-live-clean-fps-30","status":"publish","type":"product","link":"https:\/\/www.liveclean.ca\/fr\/produit\/vaporisateur-ecran-solaire-mineral-sport-live-clean-fps-30\/","title":{"rendered":"Vaporisateur \u00e9cran solaire min\u00e9ral Sport Live Clean<sup>\u00ae<\/sup> FPS 30"},"content":{"rendered":"","protected":false},"excerpt":{"rendered":"<p>Protection sportive dans l&rsquo;eau et hors de l&rsquo;eau<\/p>\n<ul class=\"product-benefits\">\n<li>Sans parfum<\/li>\n<li>R\u00e9sistant \u00e0 la sueur et \u00e0 l\u2019eau (jusqu\u2019\u00e0 80 minutes)<\/li>\n<li>Test\u00e9 par des dermatologues<\/li>\n<\/ul>\n","protected":false},"featured_media":7095,"template":"","meta":{"_acf_changed":false,"inline_featured_image":false},"product_brand":[],"product_cat":[491],"product_tag":[],"class_list":{"0":"post-6950","1":"product","2":"type-product","3":"status-publish","4":"has-post-thumbnail","6":"product_cat-soins-solaires","8":"first","9":"instock","10":"shipping-taxable","11":"purchasable","12":"product-type-variable"},"acf":[],"yoast_head":"<!-- This site is optimized with the Yoast SEO plugin v27.5 - https:\/\/yoast.com\/product\/yoast-seo-wordpress\/ -->\n<title>Vaporisateur \u00e9cran solaire min\u00e9ral Sport Live Clean\u00ae FPS 30 - Live Clean<\/title>\n<meta name=\"robots\" content=\"index, follow, max-snippet:-1, max-image-preview:large, max-video-preview:-1\" \/>\n<link rel=\"canonical\" href=\"https:\/\/www.liveclean.ca\/fr\/produit\/vaporisateur-ecran-solaire-mineral-sport-live-clean-fps-30\/\" \/>\n<meta property=\"og:locale\" content=\"fr_FR\" \/>\n<meta property=\"og:type\" content=\"article\" \/>\n<meta property=\"og:title\" content=\"Vaporisateur \u00e9cran solaire min\u00e9ral Sport Live Clean\u00ae FPS 30 - Live Clean\" \/>\n<meta property=\"og:description\" content=\"Protection sportive dans l&#039;eau et hors de l&#039;eau  Sans parfum  R\u00e9sistant \u00e0 la sueur et \u00e0 l\u2019eau (jusqu\u2019\u00e0 80 minutes)  Test\u00e9 par des dermatologues\" \/>\n<meta property=\"og:url\" content=\"https:\/\/www.liveclean.ca\/fr\/produit\/vaporisateur-ecran-solaire-mineral-sport-live-clean-fps-30\/\" \/>\n<meta property=\"og:site_name\" content=\"Live Clean\" \/>\n<meta property=\"article:modified_time\" content=\"2026-04-28T12:53:53+00:00\" \/>\n<meta property=\"og:image\" content=\"https:\/\/www.liveclean.ca\/wp-content\/uploads\/2024\/01\/LC_SportMineralSpray_SPF30_Front_Render-1.jpg\" \/>\n\t<meta property=\"og:image:width\" content=\"1000\" \/>\n\t<meta property=\"og:image:height\" content=\"1000\" \/>\n\t<meta property=\"og:image:type\" content=\"image\/jpeg\" \/>\n<meta name=\"twitter:card\" content=\"summary_large_image\" \/>\n<script type=\"application\/ld+json\" class=\"yoast-schema-graph\">{\"@context\":\"https:\\\/\\\/schema.org\",\"@graph\":[{\"@type\":\"WebPage\",\"@id\":\"https:\\\/\\\/www.liveclean.ca\\\/fr\\\/produit\\\/vaporisateur-ecran-solaire-mineral-sport-live-clean-fps-30\\\/\",\"url\":\"https:\\\/\\\/www.liveclean.ca\\\/fr\\\/produit\\\/vaporisateur-ecran-solaire-mineral-sport-live-clean-fps-30\\\/\",\"name\":\"Vaporisateur \u00e9cran solaire min\u00e9ral Sport Live Clean\u00ae FPS 30 - Live Clean\",\"isPartOf\":{\"@id\":\"https:\\\/\\\/www.liveclean.ca\\\/fr\\\/#website\"},\"primaryImageOfPage\":{\"@id\":\"https:\\\/\\\/www.liveclean.ca\\\/fr\\\/produit\\\/vaporisateur-ecran-solaire-mineral-sport-live-clean-fps-30\\\/#primaryimage\"},\"image\":{\"@id\":\"https:\\\/\\\/www.liveclean.ca\\\/fr\\\/produit\\\/vaporisateur-ecran-solaire-mineral-sport-live-clean-fps-30\\\/#primaryimage\"},\"thumbnailUrl\":\"https:\\\/\\\/www.liveclean.ca\\\/wp-content\\\/uploads\\\/2024\\\/01\\\/LC_SportMineralSpray_SPF30_Front_Render-1.jpg\",\"datePublished\":\"2026-03-03T12:37:50+00:00\",\"dateModified\":\"2026-04-28T12:53:53+00:00\",\"breadcrumb\":{\"@id\":\"https:\\\/\\\/www.liveclean.ca\\\/fr\\\/produit\\\/vaporisateur-ecran-solaire-mineral-sport-live-clean-fps-30\\\/#breadcrumb\"},\"inLanguage\":\"fr-FR\",\"potentialAction\":[{\"@type\":\"ReadAction\",\"target\":[\"https:\\\/\\\/www.liveclean.ca\\\/fr\\\/produit\\\/vaporisateur-ecran-solaire-mineral-sport-live-clean-fps-30\\\/\"]}]},{\"@type\":\"ImageObject\",\"inLanguage\":\"fr-FR\",\"@id\":\"https:\\\/\\\/www.liveclean.ca\\\/fr\\\/produit\\\/vaporisateur-ecran-solaire-mineral-sport-live-clean-fps-30\\\/#primaryimage\",\"url\":\"https:\\\/\\\/www.liveclean.ca\\\/wp-content\\\/uploads\\\/2024\\\/01\\\/LC_SportMineralSpray_SPF30_Front_Render-1.jpg\",\"contentUrl\":\"https:\\\/\\\/www.liveclean.ca\\\/wp-content\\\/uploads\\\/2024\\\/01\\\/LC_SportMineralSpray_SPF30_Front_Render-1.jpg\",\"width\":1000,\"height\":1000},{\"@type\":\"BreadcrumbList\",\"@id\":\"https:\\\/\\\/www.liveclean.ca\\\/fr\\\/produit\\\/vaporisateur-ecran-solaire-mineral-sport-live-clean-fps-30\\\/#breadcrumb\",\"itemListElement\":[{\"@type\":\"ListItem\",\"position\":1,\"name\":\"Home\",\"item\":\"https:\\\/\\\/www.liveclean.ca\\\/fr\\\/accueil\\\/\"},{\"@type\":\"ListItem\",\"position\":2,\"name\":\"Boutique\",\"item\":\"https:\\\/\\\/www.liveclean.ca\\\/fr\\\/boutique\\\/\"},{\"@type\":\"ListItem\",\"position\":3,\"name\":\"Vaporisateur \u00e9cran solaire min\u00e9ral Sport Live Clean\u00ae FPS 30\"}]},{\"@type\":\"WebSite\",\"@id\":\"https:\\\/\\\/www.liveclean.ca\\\/fr\\\/#website\",\"url\":\"https:\\\/\\\/www.liveclean.ca\\\/fr\\\/\",\"name\":\"Live Clean\",\"description\":\"Live Kind, Live Beautiful, Live Clean\",\"publisher\":{\"@id\":\"https:\\\/\\\/www.liveclean.ca\\\/fr\\\/#organization\"},\"potentialAction\":[{\"@type\":\"SearchAction\",\"target\":{\"@type\":\"EntryPoint\",\"urlTemplate\":\"https:\\\/\\\/www.liveclean.ca\\\/fr\\\/?s={search_term_string}\"},\"query-input\":{\"@type\":\"PropertyValueSpecification\",\"valueRequired\":true,\"valueName\":\"search_term_string\"}}],\"inLanguage\":\"fr-FR\"},{\"@type\":\"Organization\",\"@id\":\"https:\\\/\\\/www.liveclean.ca\\\/fr\\\/#organization\",\"name\":\"Live Clean\",\"url\":\"https:\\\/\\\/www.liveclean.ca\\\/fr\\\/\",\"logo\":{\"@type\":\"ImageObject\",\"inLanguage\":\"fr-FR\",\"@id\":\"https:\\\/\\\/www.liveclean.ca\\\/fr\\\/#\\\/schema\\\/logo\\\/image\\\/\",\"url\":\"https:\\\/\\\/www.liveclean.ca\\\/wp-content\\\/uploads\\\/2020\\\/12\\\/logo-live-clean@2x.png\",\"contentUrl\":\"https:\\\/\\\/www.liveclean.ca\\\/wp-content\\\/uploads\\\/2020\\\/12\\\/logo-live-clean@2x.png\",\"width\":107,\"height\":69,\"caption\":\"Live Clean\"},\"image\":{\"@id\":\"https:\\\/\\\/www.liveclean.ca\\\/fr\\\/#\\\/schema\\\/logo\\\/image\\\/\"}}]}<\/script>\n<!-- \/ Yoast SEO plugin. -->","yoast_head_json":{"title":"Vaporisateur \u00e9cran solaire min\u00e9ral Sport Live Clean\u00ae FPS 30 - Live Clean","robots":{"index":"index","follow":"follow","max-snippet":"max-snippet:-1","max-image-preview":"max-image-preview:large","max-video-preview":"max-video-preview:-1"},"canonical":"https:\/\/www.liveclean.ca\/fr\/produit\/vaporisateur-ecran-solaire-mineral-sport-live-clean-fps-30\/","og_locale":"fr_FR","og_type":"article","og_title":"Vaporisateur \u00e9cran solaire min\u00e9ral Sport Live Clean\u00ae FPS 30 - Live Clean","og_description":"Protection sportive dans l'eau et hors de l'eau  Sans parfum  R\u00e9sistant \u00e0 la sueur et \u00e0 l\u2019eau (jusqu\u2019\u00e0 80 minutes)  Test\u00e9 par des dermatologues","og_url":"https:\/\/www.liveclean.ca\/fr\/produit\/vaporisateur-ecran-solaire-mineral-sport-live-clean-fps-30\/","og_site_name":"Live Clean","article_modified_time":"2026-04-28T12:53:53+00:00","og_image":[{"width":1000,"height":1000,"url":"https:\/\/www.liveclean.ca\/wp-content\/uploads\/2024\/01\/LC_SportMineralSpray_SPF30_Front_Render-1.jpg","type":"image\/jpeg"}],"twitter_card":"summary_large_image","schema":{"@context":"https:\/\/schema.org","@graph":[{"@type":"WebPage","@id":"https:\/\/www.liveclean.ca\/fr\/produit\/vaporisateur-ecran-solaire-mineral-sport-live-clean-fps-30\/","url":"https:\/\/www.liveclean.ca\/fr\/produit\/vaporisateur-ecran-solaire-mineral-sport-live-clean-fps-30\/","name":"Vaporisateur \u00e9cran solaire min\u00e9ral Sport Live Clean\u00ae FPS 30 - Live Clean","isPartOf":{"@id":"https:\/\/www.liveclean.ca\/fr\/#website"},"primaryImageOfPage":{"@id":"https:\/\/www.liveclean.ca\/fr\/produit\/vaporisateur-ecran-solaire-mineral-sport-live-clean-fps-30\/#primaryimage"},"image":{"@id":"https:\/\/www.liveclean.ca\/fr\/produit\/vaporisateur-ecran-solaire-mineral-sport-live-clean-fps-30\/#primaryimage"},"thumbnailUrl":"https:\/\/www.liveclean.ca\/wp-content\/uploads\/2024\/01\/LC_SportMineralSpray_SPF30_Front_Render-1.jpg","datePublished":"2026-03-03T12:37:50+00:00","dateModified":"2026-04-28T12:53:53+00:00","breadcrumb":{"@id":"https:\/\/www.liveclean.ca\/fr\/produit\/vaporisateur-ecran-solaire-mineral-sport-live-clean-fps-30\/#breadcrumb"},"inLanguage":"fr-FR","potentialAction":[{"@type":"ReadAction","target":["https:\/\/www.liveclean.ca\/fr\/produit\/vaporisateur-ecran-solaire-mineral-sport-live-clean-fps-30\/"]}]},{"@type":"ImageObject","inLanguage":"fr-FR","@id":"https:\/\/www.liveclean.ca\/fr\/produit\/vaporisateur-ecran-solaire-mineral-sport-live-clean-fps-30\/#primaryimage","url":"https:\/\/www.liveclean.ca\/wp-content\/uploads\/2024\/01\/LC_SportMineralSpray_SPF30_Front_Render-1.jpg","contentUrl":"https:\/\/www.liveclean.ca\/wp-content\/uploads\/2024\/01\/LC_SportMineralSpray_SPF30_Front_Render-1.jpg","width":1000,"height":1000},{"@type":"BreadcrumbList","@id":"https:\/\/www.liveclean.ca\/fr\/produit\/vaporisateur-ecran-solaire-mineral-sport-live-clean-fps-30\/#breadcrumb","itemListElement":[{"@type":"ListItem","position":1,"name":"Home","item":"https:\/\/www.liveclean.ca\/fr\/accueil\/"},{"@type":"ListItem","position":2,"name":"Boutique","item":"https:\/\/www.liveclean.ca\/fr\/boutique\/"},{"@type":"ListItem","position":3,"name":"Vaporisateur \u00e9cran solaire min\u00e9ral Sport Live Clean\u00ae FPS 30"}]},{"@type":"WebSite","@id":"https:\/\/www.liveclean.ca\/fr\/#website","url":"https:\/\/www.liveclean.ca\/fr\/","name":"Live Clean","description":"Live Kind, Live Beautiful, Live Clean","publisher":{"@id":"https:\/\/www.liveclean.ca\/fr\/#organization"},"potentialAction":[{"@type":"SearchAction","target":{"@type":"EntryPoint","urlTemplate":"https:\/\/www.liveclean.ca\/fr\/?s={search_term_string}"},"query-input":{"@type":"PropertyValueSpecification","valueRequired":true,"valueName":"search_term_string"}}],"inLanguage":"fr-FR"},{"@type":"Organization","@id":"https:\/\/www.liveclean.ca\/fr\/#organization","name":"Live Clean","url":"https:\/\/www.liveclean.ca\/fr\/","logo":{"@type":"ImageObject","inLanguage":"fr-FR","@id":"https:\/\/www.liveclean.ca\/fr\/#\/schema\/logo\/image\/","url":"https:\/\/www.liveclean.ca\/wp-content\/uploads\/2020\/12\/logo-live-clean@2x.png","contentUrl":"https:\/\/www.liveclean.ca\/wp-content\/uploads\/2020\/12\/logo-live-clean@2x.png","width":107,"height":69,"caption":"Live Clean"},"image":{"@id":"https:\/\/www.liveclean.ca\/fr\/#\/schema\/logo\/image\/"}}]}},"_links":{"self":[{"href":"https:\/\/www.liveclean.ca\/fr\/wp-json\/wp\/v2\/product\/6950","targetHints":{"allow":["GET"]}}],"collection":[{"href":"https:\/\/www.liveclean.ca\/fr\/wp-json\/wp\/v2\/product"}],"about":[{"href":"https:\/\/www.liveclean.ca\/fr\/wp-json\/wp\/v2\/types\/product"}],"wp:featuredmedia":[{"embeddable":true,"href":"https:\/\/www.liveclean.ca\/fr\/wp-json\/wp\/v2\/media\/7095"}],"wp:attachment":[{"href":"https:\/\/www.liveclean.ca\/fr\/wp-json\/wp\/v2\/media?parent=6950"}],"wp:term":[{"taxonomy":"product_brand","embeddable":true,"href":"https:\/\/www.liveclean.ca\/fr\/wp-json\/wp\/v2\/product_brand?post=6950"},{"taxonomy":"product_cat","embeddable":true,"href":"https:\/\/www.liveclean.ca\/fr\/wp-json\/wp\/v2\/product_cat?post=6950"},{"taxonomy":"product_tag","embeddable":true,"href":"https:\/\/www.liveclean.ca\/fr\/wp-json\/wp\/v2\/product_tag?post=6950"}],"curies":[{"name":"wp","href":"https:\/\/api.w.org\/{rel}","templated":true}]}}